{"id":1206,"date":"2025-08-01T23:37:54","date_gmt":"2025-08-01T20:37:54","guid":{"rendered":"https:\/\/kimimanufaktura.vdisain.dev\/products\/hoodie-with-hood\/"},"modified":"2025-08-01T23:37:54","modified_gmt":"2025-08-01T20:37:54","slug":"hoodie-with-hood","status":"publish","type":"product","link":"https:\/\/kimimanufaktura.vdizains.com\/en\/products\/hoodie-with-hood\/","title":{"rendered":"Hoodie with Hood"},"content":{"rendered":"<ul>\n<li><span data-sheets-value=\"{\"1\":2,\"2\":\"M\u0101ko\u0146m\u012bksts br\u012bv\u0101 laika h\u016bdijsnOversizenMaiga p\u016bci\u0146a iek\u0161pus\u0113nLiela kapuce ar iev\u0113rtiem stri\u0137iemn\u0112rta kabata priek\u0161pus\u0113nK.I.M.I. iz\u0161uvums uz kreis\u0101s piedurknes man\u017eetesnZ\u012bmola kamenes iz\u0161uvums uz mugurasnKombin\u0113 ar t\u0101das pa\u0161as kr\u0101sas biks\u0113m vai \u0161ortiemOversizenMaiga p\u016bci\u0146a iek\u0161pus\u0113nLiela kapuce ar iev\u0113rtiem stri\u0137iemn\u0112rta kabata priek\u0161pus\u0113nK.I.M.I. iz\u0161uvums uz kreis\u0101s piedurknes man\u017eetesnKombin\u0113 ar t\u0101das pa\u0161as kr\u0101sas biks\u0113m vai \u0161ortiem\"}\" data-sheets-userformat=\"{\"2\":897,\"3\":{\"1\":0},\"10\":0,\"11\":0,\"12\":0}\">Cloud-soft casual hoodie<\/span><\/li>\n<li><span data-sheets-value=\"{\"1\":2,\"2\":\"M\u0101ko\u0146m\u012bksts br\u012bv\u0101 laika h\u016bdijsnOversizenMaiga p\u016bci\u0146a iek\u0161pus\u0113nLiela kapuce ar iev\u0113rtiem stri\u0137iemn\u0112rta kabata priek\u0161pus\u0113nK.I.M.I. iz\u0161uvums uz kreis\u0101s piedurknes man\u017eetesnZ\u012bmola kamenes iz\u0161uvums uz mugurasnKombin\u0113 ar t\u0101das pa\u0161as kr\u0101sas biks\u0113m vai \u0161ortiemOversizenMaiga p\u016bci\u0146a iek\u0161pus\u0113nLiela kapuce ar iev\u0113rtiem stri\u0137iemn\u0112rta kabata priek\u0161pus\u0113nK.I.M.I. iz\u0161uvums uz kreis\u0101s piedurknes man\u017eetesnKombin\u0113 ar t\u0101das pa\u0161as kr\u0101sas biks\u0113m vai \u0161ortiem\"}\" data-sheets-userformat=\"{\"2\":897,\"3\":{\"1\":0},\"10\":0,\"11\":0,\"12\":0}\">Oversized<\/span><\/li>\n<li><span data-sheets-value=\"{\"1\":2,\"2\":\"M\u0101ko\u0146m\u012bksts br\u012bv\u0101 laika h\u016bdijsnOversizenMaiga p\u016bci\u0146a iek\u0161pus\u0113nLiela kapuce ar iev\u0113rtiem stri\u0137iemn\u0112rta kabata priek\u0161pus\u0113nK.I.M.I. iz\u0161uvums uz kreis\u0101s piedurknes man\u017eetesnZ\u012bmola kamenes iz\u0161uvums uz mugurasnKombin\u0113 ar t\u0101das pa\u0161as kr\u0101sas biks\u0113m vai \u0161ortiemOversizenMaiga p\u016bci\u0146a iek\u0161pus\u0113nLiela kapuce ar iev\u0113rtiem stri\u0137iemn\u0112rta kabata priek\u0161pus\u0113nK.I.M.I. iz\u0161uvums uz kreis\u0101s piedurknes man\u017eetesnKombin\u0113 ar t\u0101das pa\u0161as kr\u0101sas biks\u0113m vai \u0161ortiem\"}\" data-sheets-userformat=\"{\"2\":897,\"3\":{\"1\":0},\"10\":0,\"11\":0,\"12\":0}\">Soft fleece inside<\/span><\/li>\n<li><span data-sheets-value=\"{\"1\":2,\"2\":\"M\u0101ko\u0146m\u012bksts br\u012bv\u0101 laika h\u016bdijsnOversizenMaiga p\u016bci\u0146a iek\u0161pus\u0113nLiela kapuce ar iev\u0113rtiem stri\u0137iemn\u0112rta kabata priek\u0161pus\u0113nK.I.M.I. iz\u0161uvums uz kreis\u0101s piedurknes man\u017eetesnZ\u012bmola kamenes iz\u0161uvums uz mugurasnKombin\u0113 ar t\u0101das pa\u0161as kr\u0101sas biks\u0113m vai \u0161ortiemOversizenMaiga p\u016bci\u0146a iek\u0161pus\u0113nLiela kapuce ar iev\u0113rtiem stri\u0137iemn\u0112rta kabata priek\u0161pus\u0113nK.I.M.I. iz\u0161uvums uz kreis\u0101s piedurknes man\u017eetesnKombin\u0113 ar t\u0101das pa\u0161as kr\u0101sas biks\u0113m vai \u0161ortiem\"}\" data-sheets-userformat=\"{\"2\":897,\"3\":{\"1\":0},\"10\":0,\"11\":0,\"12\":0}\">Large hood with drawstrings<\/span><\/li>\n<li><span data-sheets-value=\"{\"1\":2,\"2\":\"M\u0101ko\u0146m\u012bksts br\u012bv\u0101 laika h\u016bdijsnOversizenMaiga p\u016bci\u0146a iek\u0161pus\u0113nLiela kapuce ar iev\u0113rtiem stri\u0137iemn\u0112rta kabata priek\u0161pus\u0113nK.I.M.I. iz\u0161uvums uz kreis\u0101s piedurknes man\u017eetesnZ\u012bmola kamenes iz\u0161uvums uz mugurasnKombin\u0113 ar t\u0101das pa\u0161as kr\u0101sas biks\u0113m vai \u0161ortiemOversizenMaiga p\u016bci\u0146a iek\u0161pus\u0113nLiela kapuce ar iev\u0113rtiem stri\u0137iemn\u0112rta kabata priek\u0161pus\u0113nK.I.M.I. iz\u0161uvums uz kreis\u0101s piedurknes man\u017eetesnKombin\u0113 ar t\u0101das pa\u0161as kr\u0101sas biks\u0113m vai \u0161ortiem\"}\" data-sheets-userformat=\"{\"2\":897,\"3\":{\"1\":0},\"10\":0,\"11\":0,\"12\":0}\">Convenient front pocket<\/span><\/li>\n<li><span data-sheets-value=\"{\"1\":2,\"2\":\"M\u0101ko\u0146m\u012bksts br\u012bv\u0101 laika h\u016bdijsnOversizenMaiga p\u016bci\u0146a iek\u0161pus\u0113nLiela kapuce ar iev\u0113rtiem stri\u0137iemn\u0112rta kabata priek\u0161pus\u0113nK.I.M.I. iz\u0161uvums uz kreis\u0101s piedurknes man\u017eetesnZ\u012bmola kamenes iz\u0161uvums uz mugurasnKombin\u0113 ar t\u0101das pa\u0161as kr\u0101sas biks\u0113m vai \u0161ortiemOversizenMaiga p\u016bci\u0146a iek\u0161pus\u0113nLiela kapuce ar iev\u0113rtiem stri\u0137iemn\u0112rta kabata priek\u0161pus\u0113nK.I.M.I. iz\u0161uvums uz kreis\u0101s piedurknes man\u017eetesnKombin\u0113 ar t\u0101das pa\u0161as kr\u0101sas biks\u0113m vai \u0161ortiem\"}\" data-sheets-userformat=\"{\"2\":897,\"3\":{\"1\":0},\"10\":0,\"11\":0,\"12\":0}\">K.I.M.I. embroidery on the left sleeve cuff<\/span><\/li>\n<li><span data-sheets-value=\"{\"1\":2,\"2\":\"M\u0101ko\u0146m\u012bksts br\u012bv\u0101 laika h\u016bdijsnOversizenMaiga p\u016bci\u0146a iek\u0161pus\u0113nLiela kapuce ar iev\u0113rtiem stri\u0137iemn\u0112rta kabata priek\u0161pus\u0113nK.I.M.I. iz\u0161uvums uz kreis\u0101s piedurknes man\u017eetesnZ\u012bmola kamenes iz\u0161uvums uz mugurasnKombin\u0113 ar t\u0101das pa\u0161as kr\u0101sas biks\u0113m vai \u0161ortiemOversizenMaiga p\u016bci\u0146a iek\u0161pus\u0113nLiela kapuce ar iev\u0113rtiem stri\u0137iemn\u0112rta kabata priek\u0161pus\u0113nK.I.M.I. iz\u0161uvums uz kreis\u0101s piedurknes man\u017eetesnKombin\u0113 ar t\u0101das pa\u0161as kr\u0101sas biks\u0113m vai \u0161ortiem\"}\" data-sheets-userformat=\"{\"2\":897,\"3\":{\"1\":0},\"10\":0,\"11\":0,\"12\":0}\">Brand hood embroidery on back<\/span><\/li>\n<li><span data-sheets-value=\"{\"1\":2,\"2\":\"M\u0101ko\u0146m\u012bksts br\u012bv\u0101 laika h\u016bdijsnOversizenMaiga p\u016bci\u0146a iek\u0161pus\u0113nLiela kapuce ar iev\u0113rtiem stri\u0137iemn\u0112rta kabata priek\u0161pus\u0113nK.I.M.I. iz\u0161uvums uz kreis\u0101s piedurknes man\u017eetesnZ\u012bmola kamenes iz\u0161uvums uz mugurasnKombin\u0113 ar t\u0101das pa\u0161as kr\u0101sas biks\u0113m vai \u0161ortiemOversizenMaiga p\u016bci\u0146a iek\u0161pus\u0113nLiela kapuce ar iev\u0113rtiem stri\u0137iemn\u0112rta kabata priek\u0161pus\u0113nK.I.M.I. iz\u0161uvums uz kreis\u0101s piedurknes man\u017eetesnKombin\u0113 ar t\u0101das pa\u0161as kr\u0101sas biks\u0113m vai \u0161ortiem\"}\" data-sheets-userformat=\"{\"2\":897,\"3\":{\"1\":0},\"10\":0,\"11\":0,\"12\":0}\">Pair with pants or shorts of the same color<\/span><\/li>\n<\/ul>\n","protected":false},"excerpt":{"rendered":"<p>Cloud-soft casual hoodie Oversized Soft fleece inside Large hood with drawstrings Convenient front pocket K.I.M.I. embroidery on the left sleeve cuff Brand hood embroidery on back Pair with pants or shorts of the same color<\/p>\n","protected":false},"featured_media":217,"comment_status":"closed","ping_status":"closed","template":"","meta":{"_acf_changed":false},"product_brand":[],"product_cat":[139],"product_tag":[],"class_list":{"0":"post-1206","1":"product","2":"type-product","3":"status-publish","4":"has-post-thumbnail","6":"product_cat-hoodie","8":"first","9":"instock","10":"taxable","11":"shipping-taxable","12":"purchasable","13":"product-type-variable","14":"has-default-attributes"},"acf":[],"yoast_head":"<!-- This site is optimized with the Yoast SEO plugin v26.1.1 - https:\/\/yoast.com\/wordpress\/plugins\/seo\/ -->\n<title>Hoodie with Hood - Kimimanufaktura<\/title>\n<meta name=\"robots\" content=\"noindex, follow, max-snippet:-1, max-image-preview:large, max-video-preview:-1\" \/>\n<meta property=\"og:locale\" content=\"en_US\" \/>\n<meta property=\"og:type\" content=\"article\" \/>\n<meta property=\"og:title\" content=\"Hoodie with Hood - Kimimanufaktura\" \/>\n<meta property=\"og:description\" content=\"Cloud-soft casual hoodie Oversized Soft fleece inside Large hood with drawstrings Convenient front pocket K.I.M.I. embroidery on the left sleeve cuff Brand hood embroidery on back Pair with pants or shorts of the same color\" \/>\n<meta property=\"og:url\" content=\"https:\/\/kimimanufaktura.vdizains.com\/en\/products\/hoodie-with-hood\/\" \/>\n<meta property=\"og:site_name\" content=\"Kimimanufaktura\" \/>\n<meta property=\"og:image\" content=\"https:\/\/kimimanufaktura.vdizains.com\/wp-content\/uploads\/2025\/08\/1-COFFEE-BEIGE_MILKY-WHITE-scaled-1.jpg\" \/>\n\t<meta property=\"og:image:width\" content=\"1707\" \/>\n\t<meta property=\"og:image:height\" content=\"2560\" \/>\n\t<meta property=\"og:image:type\" content=\"image\/jpeg\" \/>\n<meta name=\"twitter:card\" content=\"summary_large_image\" \/>\n<script type=\"application\/ld+json\" class=\"yoast-schema-graph\">{\"@context\":\"https:\/\/schema.org\",\"@graph\":[{\"@type\":\"WebPage\",\"@id\":\"https:\/\/kimimanufaktura.vdizains.com\/en\/products\/hoodie-with-hood\/\",\"url\":\"https:\/\/kimimanufaktura.vdizains.com\/en\/products\/hoodie-with-hood\/\",\"name\":\"Hoodie with Hood - Kimimanufaktura\",\"isPartOf\":{\"@id\":\"https:\/\/kimimanufaktura.vdizains.com\/en\/#website\"},\"primaryImageOfPage\":{\"@id\":\"https:\/\/kimimanufaktura.vdizains.com\/en\/products\/hoodie-with-hood\/#primaryimage\"},\"image\":{\"@id\":\"https:\/\/kimimanufaktura.vdizains.com\/en\/products\/hoodie-with-hood\/#primaryimage\"},\"thumbnailUrl\":\"https:\/\/kimimanufaktura.vdizains.com\/wp-content\/uploads\/2025\/08\/1-COFFEE-BEIGE_MILKY-WHITE-scaled-1.jpg\",\"datePublished\":\"2025-08-01T20:37:54+00:00\",\"breadcrumb\":{\"@id\":\"https:\/\/kimimanufaktura.vdizains.com\/en\/products\/hoodie-with-hood\/#breadcrumb\"},\"inLanguage\":\"en-US\",\"potentialAction\":[{\"@type\":\"ReadAction\",\"target\":[\"https:\/\/kimimanufaktura.vdizains.com\/en\/products\/hoodie-with-hood\/\"]}]},{\"@type\":\"ImageObject\",\"inLanguage\":\"en-US\",\"@id\":\"https:\/\/kimimanufaktura.vdizains.com\/en\/products\/hoodie-with-hood\/#primaryimage\",\"url\":\"https:\/\/kimimanufaktura.vdizains.com\/wp-content\/uploads\/2025\/08\/1-COFFEE-BEIGE_MILKY-WHITE-scaled-1.jpg\",\"contentUrl\":\"https:\/\/kimimanufaktura.vdizains.com\/wp-content\/uploads\/2025\/08\/1-COFFEE-BEIGE_MILKY-WHITE-scaled-1.jpg\",\"width\":1707,\"height\":2560},{\"@type\":\"BreadcrumbList\",\"@id\":\"https:\/\/kimimanufaktura.vdizains.com\/en\/products\/hoodie-with-hood\/#breadcrumb\",\"itemListElement\":[{\"@type\":\"ListItem\",\"position\":1,\"name\":\"Home\",\"item\":\"https:\/\/kimimanufaktura.vdizains.com\/en\/\"},{\"@type\":\"ListItem\",\"position\":2,\"name\":\"Shop\",\"item\":\"https:\/\/kimimanufaktura.vdizains.com\/shop\/\"},{\"@type\":\"ListItem\",\"position\":3,\"name\":\"Hoodie with Hood\"}]},{\"@type\":\"WebSite\",\"@id\":\"https:\/\/kimimanufaktura.vdizains.com\/en\/#website\",\"url\":\"https:\/\/kimimanufaktura.vdizains.com\/en\/\",\"name\":\"Kimimanufaktura\",\"description\":\"\",\"publisher\":{\"@id\":\"https:\/\/kimimanufaktura.vdizains.com\/en\/#organization\"},\"potentialAction\":[{\"@type\":\"SearchAction\",\"target\":{\"@type\":\"EntryPoint\",\"urlTemplate\":\"https:\/\/kimimanufaktura.vdizains.com\/en\/?s={search_term_string}\"},\"query-input\":{\"@type\":\"PropertyValueSpecification\",\"valueRequired\":true,\"valueName\":\"search_term_string\"}}],\"inLanguage\":\"en-US\"},{\"@type\":\"Organization\",\"@id\":\"https:\/\/kimimanufaktura.vdizains.com\/en\/#organization\",\"name\":\"Kimimanufaktura\",\"url\":\"https:\/\/kimimanufaktura.vdizains.com\/en\/\",\"logo\":{\"@type\":\"ImageObject\",\"inLanguage\":\"en-US\",\"@id\":\"https:\/\/kimimanufaktura.vdizains.com\/en\/#\/schema\/logo\/image\/\",\"url\":\"https:\/\/kimimanufaktura.vdizains.com\/wp-content\/uploads\/2025\/07\/kimi-hero.webp\",\"contentUrl\":\"https:\/\/kimimanufaktura.vdizains.com\/wp-content\/uploads\/2025\/07\/kimi-hero.webp\",\"width\":1800,\"height\":924,\"caption\":\"Kimimanufaktura\"},\"image\":{\"@id\":\"https:\/\/kimimanufaktura.vdizains.com\/en\/#\/schema\/logo\/image\/\"}}]}<\/script>\n<!-- \/ Yoast SEO plugin. -->","yoast_head_json":{"title":"Hoodie with Hood - Kimimanufaktura","robots":{"index":"noindex","follow":"follow","max-snippet":"max-snippet:-1","max-image-preview":"max-image-preview:large","max-video-preview":"max-video-preview:-1"},"og_locale":"en_US","og_type":"article","og_title":"Hoodie with Hood - Kimimanufaktura","og_description":"Cloud-soft casual hoodie Oversized Soft fleece inside Large hood with drawstrings Convenient front pocket K.I.M.I. embroidery on the left sleeve cuff Brand hood embroidery on back Pair with pants or shorts of the same color","og_url":"https:\/\/kimimanufaktura.vdizains.com\/en\/products\/hoodie-with-hood\/","og_site_name":"Kimimanufaktura","og_image":[{"width":1707,"height":2560,"url":"https:\/\/kimimanufaktura.vdizains.com\/wp-content\/uploads\/2025\/08\/1-COFFEE-BEIGE_MILKY-WHITE-scaled-1.jpg","type":"image\/jpeg"}],"twitter_card":"summary_large_image","schema":{"@context":"https:\/\/schema.org","@graph":[{"@type":"WebPage","@id":"https:\/\/kimimanufaktura.vdizains.com\/en\/products\/hoodie-with-hood\/","url":"https:\/\/kimimanufaktura.vdizains.com\/en\/products\/hoodie-with-hood\/","name":"Hoodie with Hood - Kimimanufaktura","isPartOf":{"@id":"https:\/\/kimimanufaktura.vdizains.com\/en\/#website"},"primaryImageOfPage":{"@id":"https:\/\/kimimanufaktura.vdizains.com\/en\/products\/hoodie-with-hood\/#primaryimage"},"image":{"@id":"https:\/\/kimimanufaktura.vdizains.com\/en\/products\/hoodie-with-hood\/#primaryimage"},"thumbnailUrl":"https:\/\/kimimanufaktura.vdizains.com\/wp-content\/uploads\/2025\/08\/1-COFFEE-BEIGE_MILKY-WHITE-scaled-1.jpg","datePublished":"2025-08-01T20:37:54+00:00","breadcrumb":{"@id":"https:\/\/kimimanufaktura.vdizains.com\/en\/products\/hoodie-with-hood\/#breadcrumb"},"inLanguage":"en-US","potentialAction":[{"@type":"ReadAction","target":["https:\/\/kimimanufaktura.vdizains.com\/en\/products\/hoodie-with-hood\/"]}]},{"@type":"ImageObject","inLanguage":"en-US","@id":"https:\/\/kimimanufaktura.vdizains.com\/en\/products\/hoodie-with-hood\/#primaryimage","url":"https:\/\/kimimanufaktura.vdizains.com\/wp-content\/uploads\/2025\/08\/1-COFFEE-BEIGE_MILKY-WHITE-scaled-1.jpg","contentUrl":"https:\/\/kimimanufaktura.vdizains.com\/wp-content\/uploads\/2025\/08\/1-COFFEE-BEIGE_MILKY-WHITE-scaled-1.jpg","width":1707,"height":2560},{"@type":"BreadcrumbList","@id":"https:\/\/kimimanufaktura.vdizains.com\/en\/products\/hoodie-with-hood\/#breadcrumb","itemListElement":[{"@type":"ListItem","position":1,"name":"Home","item":"https:\/\/kimimanufaktura.vdizains.com\/en\/"},{"@type":"ListItem","position":2,"name":"Shop","item":"https:\/\/kimimanufaktura.vdizains.com\/shop\/"},{"@type":"ListItem","position":3,"name":"Hoodie with Hood"}]},{"@type":"WebSite","@id":"https:\/\/kimimanufaktura.vdizains.com\/en\/#website","url":"https:\/\/kimimanufaktura.vdizains.com\/en\/","name":"Kimimanufaktura","description":"","publisher":{"@id":"https:\/\/kimimanufaktura.vdizains.com\/en\/#organization"},"potentialAction":[{"@type":"SearchAction","target":{"@type":"EntryPoint","urlTemplate":"https:\/\/kimimanufaktura.vdizains.com\/en\/?s={search_term_string}"},"query-input":{"@type":"PropertyValueSpecification","valueRequired":true,"valueName":"search_term_string"}}],"inLanguage":"en-US"},{"@type":"Organization","@id":"https:\/\/kimimanufaktura.vdizains.com\/en\/#organization","name":"Kimimanufaktura","url":"https:\/\/kimimanufaktura.vdizains.com\/en\/","logo":{"@type":"ImageObject","inLanguage":"en-US","@id":"https:\/\/kimimanufaktura.vdizains.com\/en\/#\/schema\/logo\/image\/","url":"https:\/\/kimimanufaktura.vdizains.com\/wp-content\/uploads\/2025\/07\/kimi-hero.webp","contentUrl":"https:\/\/kimimanufaktura.vdizains.com\/wp-content\/uploads\/2025\/07\/kimi-hero.webp","width":1800,"height":924,"caption":"Kimimanufaktura"},"image":{"@id":"https:\/\/kimimanufaktura.vdizains.com\/en\/#\/schema\/logo\/image\/"}}]}},"_links":{"self":[{"href":"https:\/\/kimimanufaktura.vdizains.com\/en\/wp-json\/wp\/v2\/product\/1206","targetHints":{"allow":["GET"]}}],"collection":[{"href":"https:\/\/kimimanufaktura.vdizains.com\/en\/wp-json\/wp\/v2\/product"}],"about":[{"href":"https:\/\/kimimanufaktura.vdizains.com\/en\/wp-json\/wp\/v2\/types\/product"}],"replies":[{"embeddable":true,"href":"https:\/\/kimimanufaktura.vdizains.com\/en\/wp-json\/wp\/v2\/comments?post=1206"}],"wp:featuredmedia":[{"embeddable":true,"href":"https:\/\/kimimanufaktura.vdizains.com\/en\/wp-json\/wp\/v2\/media\/217"}],"wp:attachment":[{"href":"https:\/\/kimimanufaktura.vdizains.com\/en\/wp-json\/wp\/v2\/media?parent=1206"}],"wp:term":[{"taxonomy":"product_brand","embeddable":true,"href":"https:\/\/kimimanufaktura.vdizains.com\/en\/wp-json\/wp\/v2\/product_brand?post=1206"},{"taxonomy":"product_cat","embeddable":true,"href":"https:\/\/kimimanufaktura.vdizains.com\/en\/wp-json\/wp\/v2\/product_cat?post=1206"},{"taxonomy":"product_tag","embeddable":true,"href":"https:\/\/kimimanufaktura.vdizains.com\/en\/wp-json\/wp\/v2\/product_tag?post=1206"}],"curies":[{"name":"wp","href":"https:\/\/api.w.org\/{rel}","templated":true}]}}